{"id":19,"date":"2023-05-22T08:27:49","date_gmt":"2023-05-22T08:27:49","guid":{"rendered":"https:\/\/sourcedigitally.com\/?page_id=19"},"modified":"2025-10-24T12:55:23","modified_gmt":"2025-10-24T12:55:23","slug":"technology-partners","status":"publish","type":"page","link":"https:\/\/sourcedigitally.com\/lv\/tehnologiju-partneri\/","title":{"rendered":"Tehnolo\u0123iju partneri"},"content":{"rendered":"<div data-elementor-type=\"wp-page\" data-elementor-id=\"19\" class=\"elementor elementor-19\">\n\t\t\t\t\t\t\t<div class=\"elementor-element elementor-element-93f3e08 e-con-boxed e-flex e-con\" data-id=\"93f3e08\" data-element_type=\"container\" data-settings=\"{&quot;background_background&quot;:&quot;classic&quot;,&quot;content_width&quot;:&quot;boxed&quot;}\">\n\t\t\t\t\t<div class=\"e-con-inner\">\n\t\t<div class=\"elementor-element elementor-element-3c3a540 e-con-boxed e-flex e-con\" data-id=\"3c3a540\" data-element_type=\"container\" data-settings=\"{&quot;content_width&quot;:&quot;boxed&quot;}\">\n\t\t\t\t\t<div class=\"e-con-inner\">\n\t\t\t\t<div class=\"elementor-element elementor-element-fc2022a elementor-widget elementor-widget-heading\" data-id=\"fc2022a\" data-element_type=\"widget\" data-widget_type=\"heading.default\">\n\t\t\t\t<div class=\"elementor-widget-container\">\n\t\t\t<style>\/*! elementor - v3.13.3 - 28-05-2023 *\/\n.elementor-heading-title{padding:0;margin:0;line-height:1}.elementor-widget-heading .elementor-heading-title[class*=elementor-size-]>a{color:inherit;font-size:inherit;line-height:inherit}.elementor-widget-heading .elementor-heading-title.elementor-size-small{font-size:15px}.elementor-widget-heading .elementor-heading-title.elementor-size-medium{font-size:19px}.elementor-widget-heading .elementor-heading-title.elementor-size-large{font-size:29px}.elementor-widget-heading .elementor-heading-title.elementor-size-xl{font-size:39px}.elementor-widget-heading .elementor-heading-title.elementor-size-xxl{font-size:59px}<\/style><h1 class=\"elementor-heading-title elementor-size-default\">Tehnolo\u0123iju partneri<\/h1>\t\t<\/div>\n\t\t\t\t<\/div>\n\t\t\t\t\t<\/div>\n\t\t\t\t<\/div>\n\t\t\t\t\t<\/div>\n\t\t\t\t<\/div>\n\t\t<div class=\"elementor-element elementor-element-8493241 e-con-boxed e-flex e-con\" data-id=\"8493241\" data-element_type=\"container\" data-settings=\"{&quot;content_width&quot;:&quot;boxed&quot;}\">\n\t\t\t\t\t<div class=\"e-con-inner\">\n\t\t<div class=\"elementor-element elementor-element-0320fbb e-con-full e-flex e-con\" data-id=\"0320fbb\" data-element_type=\"container\" data-settings=\"{&quot;content_width&quot;:&quot;full&quot;}\">\n\t\t<div class=\"elementor-element elementor-element-be86088 e-con-full e-flex e-con\" data-id=\"be86088\" data-element_type=\"container\" data-settings=\"{&quot;content_width&quot;:&quot;full&quot;}\">\n\t\t<div class=\"elementor-element elementor-element-0d4782e e-con-full e-flex e-con\" data-id=\"0d4782e\" data-element_type=\"container\" data-settings=\"{&quot;content_width&quot;:&quot;full&quot;}\">\n\t\t\t\t<div class=\"elementor-element elementor-element-07a1a29 elementor-widget__width-auto elementor-widget elementor-widget-image\" data-id=\"07a1a29\" data-element_type=\"widget\" data-widget_type=\"image.default\">\n\t\t\t\t<div class=\"elementor-widget-container\">\n\t\t\t<style>\/*! elementor - v3.13.3 - 28-05-2023 *\/\n.elementor-widget-image{text-align:center}.elementor-widget-image a{display:inline-block}.elementor-widget-image a img[src$=\".svg\"]{width:48px}.elementor-widget-image img{vertical-align:middle;display:inline-block}<\/style>\t\t\t\t\t\t\t\t\t\t\t\t\t<a href=\"https:\/\/matchory.com\/\" target=\"_blank\" rel=\"noopener\">\n\t\t\t\t\t\t\t<img loading=\"lazy\" decoding=\"async\" width=\"295\" height=\"54\" src=\"https:\/\/sourcedigitally.com\/wp-content\/uploads\/2023\/06\/logo_matchory_1-2.png\" class=\"attachment-large size-large wp-image-1299\" alt=\"Logo_Matchory_1-1\" srcset=\"https:\/\/sourcedigitally.com\/wp-content\/uploads\/2023\/06\/logo_matchory_1-2.png 295w, https:\/\/sourcedigitally.com\/wp-content\/uploads\/2023\/06\/logo_matchory_1-2-18x3.png 18w\" sizes=\"auto, (max-width: 295px) 100vw, 295px\" \/>\t\t\t\t\t\t\t\t<\/a>\n\t\t\t\t\t\t\t\t\t\t\t\t\t\t\t<\/div>\n\t\t\t\t<\/div>\n\t\t\t\t<\/div>\n\t\t\t\t<div class=\"elementor-element elementor-element-9dd944c elementor-widget elementor-widget-heading\" data-id=\"9dd944c\" data-element_type=\"widget\" data-widget_type=\"heading.default\">\n\t\t\t\t<div class=\"elementor-widget-container\">\n\t\t\t<h2 class=\"elementor-heading-title elementor-size-default\">Unik\u0101l\u0101 Matchory datu b\u0101ze pied\u0101v\u0101 pasaul\u0113 liel\u0101ko publisko pieg\u0101d\u0101t\u0101ju atra\u0161anas risin\u0101jumu ar <span style=\"color: #00a551;\">over 14 million supplier profiles. <\/span><\/h2>\t\t<\/div>\n\t\t\t\t<\/div>\n\t\t\t\t<\/div>\n\t\t<div class=\"elementor-element elementor-element-e59d36a e-con-full e-flex e-con\" data-id=\"e59d36a\" data-element_type=\"container\" data-settings=\"{&quot;content_width&quot;:&quot;full&quot;}\">\n\t\t\t\t<div class=\"elementor-element elementor-element-eb64169 elementor-widget__width-initial elementor-widget-mobile__width-inherit elementor-widget elementor-widget-image\" data-id=\"eb64169\" data-element_type=\"widget\" data-widget_type=\"image.default\">\n\t\t\t\t<div class=\"elementor-widget-container\">\n\t\t\t\t\t\t\t\t\t\t\t\t\t\t\t<img loading=\"lazy\" decoding=\"async\" width=\"441\" height=\"385\" src=\"https:\/\/sourcedigitally.com\/wp-content\/uploads\/2023\/05\/tehcnology-partners-elements.png\" class=\"attachment-large size-large wp-image-412\" alt=\"tehcnology-partners-elements\" srcset=\"https:\/\/sourcedigitally.com\/wp-content\/uploads\/2023\/05\/tehcnology-partners-elements.png 441w, https:\/\/sourcedigitally.com\/wp-content\/uploads\/2023\/05\/tehcnology-partners-elements-300x262.png 300w, https:\/\/sourcedigitally.com\/wp-content\/uploads\/2023\/05\/tehcnology-partners-elements-14x12.png 14w\" sizes=\"auto, (max-width: 441px) 100vw, 441px\" \/>\t\t\t\t\t\t\t\t\t\t\t\t\t\t\t<\/div>\n\t\t\t\t<\/div>\n\t\t\t\t<\/div>\n\t\t\t\t<\/div>\n\t\t<div class=\"elementor-element elementor-element-f1e1ec9 e-con-full e-flex e-con\" data-id=\"f1e1ec9\" data-element_type=\"container\" data-settings=\"{&quot;content_width&quot;:&quot;full&quot;}\">\n\t\t<div class=\"elementor-element elementor-element-dec3eac e-con-boxed e-flex e-con\" data-id=\"dec3eac\" data-element_type=\"container\" data-settings=\"{&quot;content_width&quot;:&quot;boxed&quot;}\">\n\t\t\t\t\t<div class=\"e-con-inner\">\n\t\t\t\t<div class=\"elementor-element elementor-element-79d2055 elementor-widget elementor-widget-heading\" data-id=\"79d2055\" data-element_type=\"widget\" data-widget_type=\"heading.default\">\n\t\t\t\t<div class=\"elementor-widget-container\">\n\t\t\t<h3 class=\"elementor-heading-title elementor-size-default\">Mekl\u0113 un atkl\u0101j (search and discover)<\/h3>\t\t<\/div>\n\t\t\t\t<\/div>\n\t\t\t\t<div class=\"elementor-element elementor-element-9d64ab2 elementor-widget elementor-widget-text-editor\" data-id=\"9d64ab2\" data-element_type=\"widget\" data-widget_type=\"text-editor.default\">\n\t\t\t\t<div class=\"elementor-widget-container\">\n\t\t\t<style>\/*! elementor - v3.13.3 - 28-05-2023 *\/\n.elementor-widget-text-editor.elementor-drop-cap-view-stacked .elementor-drop-cap{background-color:#69727d;color:#fff}.elementor-widget-text-editor.elementor-drop-cap-view-framed .elementor-drop-cap{color:#69727d;border:3px solid;background-color:transparent}.elementor-widget-text-editor:not(.elementor-drop-cap-view-default) .elementor-drop-cap{margin-top:8px}.elementor-widget-text-editor:not(.elementor-drop-cap-view-default) .elementor-drop-cap-letter{width:1em;height:1em}.elementor-widget-text-editor .elementor-drop-cap{float:left;text-align:center;line-height:1;font-size:50px}.elementor-widget-text-editor .elementor-drop-cap-letter{display:inline-block}<\/style>\t\t\t\t<p>Atrodiet visus atbilsto\u0161os pieg\u0101d\u0101t\u0101jus vien\u0101 risin\u0101jum\u0101, izmantojot jaun\u0101ko tehnolo\u0123iju un viedo mekl\u0113\u0161anu.<\/p>\t\t\t\t\t\t<\/div>\n\t\t\t\t<\/div>\n\t\t\t\t\t<\/div>\n\t\t\t\t<\/div>\n\t\t<div class=\"elementor-element elementor-element-400700e e-con-boxed e-flex e-con\" data-id=\"400700e\" data-element_type=\"container\" data-settings=\"{&quot;content_width&quot;:&quot;boxed&quot;}\">\n\t\t\t\t\t<div class=\"e-con-inner\">\n\t\t\t\t<div class=\"elementor-element elementor-element-e105c5c elementor-widget elementor-widget-heading\" data-id=\"e105c5c\" data-element_type=\"widget\" data-widget_type=\"heading.default\">\n\t\t\t\t<div class=\"elementor-widget-container\">\n\t\t\t<h3 class=\"elementor-heading-title elementor-size-default\">Analiz\u0113 un sal\u012bdzini (analyze and compare)<\/h3>\t\t<\/div>\n\t\t\t\t<\/div>\n\t\t\t\t<div class=\"elementor-element elementor-element-62a57d8 elementor-widget elementor-widget-text-editor\" data-id=\"62a57d8\" data-element_type=\"widget\" data-widget_type=\"text-editor.default\">\n\t\t\t\t<div class=\"elementor-widget-container\">\n\t\t\t\t\t\t\t<p>Padzi\u013cin\u0101ta tirgus inform\u0101cija un p\u0101rredzamas pieg\u0101des \u0137\u0113des pal\u012bdz pie\u0146emt pareizos l\u0113mumus.<\/p>\t\t\t\t\t\t<\/div>\n\t\t\t\t<\/div>\n\t\t\t\t\t<\/div>\n\t\t\t\t<\/div>\n\t\t<div class=\"elementor-element elementor-element-0710c16 e-con-boxed e-flex e-con\" data-id=\"0710c16\" data-element_type=\"container\" data-settings=\"{&quot;content_width&quot;:&quot;boxed&quot;}\">\n\t\t\t\t\t<div class=\"e-con-inner\">\n\t\t\t\t<div class=\"elementor-element elementor-element-a19f339 elementor-widget elementor-widget-heading\" data-id=\"a19f339\" data-element_type=\"widget\" data-widget_type=\"heading.default\">\n\t\t\t\t<div class=\"elementor-widget-container\">\n\t\t\t<h3 class=\"elementor-heading-title elementor-size-default\">Sadarbojies un p\u0101rvaldi (collaborate and manage)<\/h3>\t\t<\/div>\n\t\t\t\t<\/div>\n\t\t\t\t<div class=\"elementor-element elementor-element-71e5eba elementor-widget elementor-widget-text-editor\" data-id=\"71e5eba\" data-element_type=\"widget\" data-widget_type=\"text-editor.default\">\n\t\t\t\t<div class=\"elementor-widget-container\">\n\t\t\t\t\t\t\t<p>Standartiz\u0113tas proced\u016bras vienk\u0101r\u0161o RFX procesu un pied\u0101v\u0101 dro\u0161u un piln\u012bgu procesu un datu dokument\u0101ciju.<\/p>\t\t\t\t\t\t<\/div>\n\t\t\t\t<\/div>\n\t\t\t\t\t<\/div>\n\t\t\t\t<\/div>\n\t\t\t\t<\/div>\n\t\t\t\t\t<\/div>\n\t\t\t\t<\/div>\n\t\t<div class=\"elementor-element elementor-element-c70f305 e-con-boxed e-flex e-con\" data-id=\"c70f305\" data-element_type=\"container\" data-settings=\"{&quot;content_width&quot;:&quot;boxed&quot;}\">\n\t\t\t\t\t<div class=\"e-con-inner\">\n\t\t<div class=\"elementor-element elementor-element-1e9c0c6 e-con-full e-flex e-con\" data-id=\"1e9c0c6\" data-element_type=\"container\" data-settings=\"{&quot;content_width&quot;:&quot;full&quot;}\">\n\t\t<div class=\"elementor-element elementor-element-bc550db e-con-full e-flex e-con\" data-id=\"bc550db\" data-element_type=\"container\" data-settings=\"{&quot;content_width&quot;:&quot;full&quot;}\">\n\t\t<div class=\"elementor-element elementor-element-cde996d e-con-full e-flex e-con\" data-id=\"cde996d\" data-element_type=\"container\" data-settings=\"{&quot;content_width&quot;:&quot;full&quot;}\">\n\t\t\t\t<div class=\"elementor-element elementor-element-2bd43ba elementor-widget__width-auto elementor-widget elementor-widget-image\" data-id=\"2bd43ba\" data-element_type=\"widget\" data-widget_type=\"image.default\">\n\t\t\t\t<div class=\"elementor-widget-container\">\n\t\t\t\t\t\t\t\t\t\t\t\t\t\t\t\t<a href=\"https:\/\/mysupply.ai\/\" target=\"_blank\" rel=\"noopener\">\n\t\t\t\t\t\t\t<img loading=\"lazy\" decoding=\"async\" width=\"768\" height=\"225\" src=\"https:\/\/sourcedigitally.com\/wp-content\/uploads\/2023\/05\/logo_mysupply.png\" class=\"attachment-large size-large wp-image-1054\" alt=\"logo_mysupply\" srcset=\"https:\/\/sourcedigitally.com\/wp-content\/uploads\/2023\/05\/logo_mysupply.png 768w, https:\/\/sourcedigitally.com\/wp-content\/uploads\/2023\/05\/logo_mysupply-300x88.png 300w, https:\/\/sourcedigitally.com\/wp-content\/uploads\/2023\/05\/logo_mysupply-18x5.png 18w\" sizes=\"auto, (max-width: 768px) 100vw, 768px\" \/>\t\t\t\t\t\t\t\t<\/a>\n\t\t\t\t\t\t\t\t\t\t\t\t\t\t\t<\/div>\n\t\t\t\t<\/div>\n\t\t\t\t<\/div>\n\t\t\t\t<div class=\"elementor-element elementor-element-707902e elementor-widget elementor-widget-heading\" data-id=\"707902e\" data-element_type=\"widget\" data-widget_type=\"heading.default\">\n\t\t\t\t<div class=\"elementor-widget-container\">\n\t\t\t<h2 class=\"elementor-heading-title elementor-size-default\">Mysupply pal\u012bdz uz\u0146\u0113mumiem ietaup\u012bt laiku, naudu un resursus, veicot<span style=\"color: #00a551;\">  p\u0101rdom\u0101tus un automatiz\u0113tus pieg\u0101d\u0101t\u0101ju atlases procesus iepirkumu vajadz\u012bb\u0101m. <\/span><\/h2>\t\t<\/div>\n\t\t\t\t<\/div>\n\t\t\t\t<div class=\"elementor-element elementor-element-7e0c81b elementor-widget elementor-widget-text-editor\" data-id=\"7e0c81b\" data-element_type=\"widget\" data-widget_type=\"text-editor.default\">\n\t\t\t\t<div class=\"elementor-widget-container\">\n\t\t\t\t\t\t\t<p>Izmanto piln\u012bb\u0101 automatiz\u0113t\u0101 pieg\u0101d\u0101t\u0101ju atlases procesa potenci\u0101lu!<\/p>\t\t\t\t\t\t<\/div>\n\t\t\t\t<\/div>\n\t\t\t\t<\/div>\n\t\t<div class=\"elementor-element elementor-element-15cdf43 e-con-full e-flex e-con\" data-id=\"15cdf43\" data-element_type=\"container\" data-settings=\"{&quot;content_width&quot;:&quot;full&quot;}\">\n\t\t\t\t<div class=\"elementor-element elementor-element-bcf0c9a elementor-widget-mobile__width-inherit elementor-widget__width-initial elementor-widget elementor-widget-image\" data-id=\"bcf0c9a\" data-element_type=\"widget\" data-widget_type=\"image.default\">\n\t\t\t\t<div class=\"elementor-widget-container\">\n\t\t\t\t\t\t\t\t\t\t\t\t\t\t\t<img loading=\"lazy\" decoding=\"async\" width=\"441\" height=\"280\" src=\"https:\/\/sourcedigitally.com\/wp-content\/uploads\/2023\/05\/technology-partners-elements.png\" class=\"attachment-large size-large wp-image-411\" alt=\"technology-partners-elements\" srcset=\"https:\/\/sourcedigitally.com\/wp-content\/uploads\/2023\/05\/technology-partners-elements.png 441w, https:\/\/sourcedigitally.com\/wp-content\/uploads\/2023\/05\/technology-partners-elements-300x190.png 300w, https:\/\/sourcedigitally.com\/wp-content\/uploads\/2023\/05\/technology-partners-elements-18x12.png 18w\" sizes=\"auto, (max-width: 441px) 100vw, 441px\" \/>\t\t\t\t\t\t\t\t\t\t\t\t\t\t\t<\/div>\n\t\t\t\t<\/div>\n\t\t\t\t<\/div>\n\t\t\t\t<\/div>\n\t\t<div class=\"elementor-element elementor-element-761aae8 e-con-full e-flex e-con\" data-id=\"761aae8\" data-element_type=\"container\" data-settings=\"{&quot;content_width&quot;:&quot;full&quot;}\">\n\t\t<div class=\"elementor-element elementor-element-5c36b32 e-con-full e-flex e-con\" data-id=\"5c36b32\" data-element_type=\"container\" data-settings=\"{&quot;content_width&quot;:&quot;full&quot;}\">\n\t\t\t\t<div class=\"elementor-element elementor-element-cae651c elementor-widget elementor-widget-heading\" data-id=\"cae651c\" data-element_type=\"widget\" data-widget_type=\"heading.default\">\n\t\t\t\t<div class=\"elementor-widget-container\">\n\t\t\t<h3 class=\"elementor-heading-title elementor-size-default\">V\u012bzija<\/h3>\t\t<\/div>\n\t\t\t\t<\/div>\n\t\t\t\t<div class=\"elementor-element elementor-element-15f78d0 elementor-widget elementor-widget-text-editor\" data-id=\"15f78d0\" data-element_type=\"widget\" data-widget_type=\"text-editor.default\">\n\t\t\t\t<div class=\"elementor-widget-container\">\n\t\t\t\t\t\t\t<p>M\u016bsu v\u012bzija ir izmain\u012bt eso\u0161o pieg\u0101d\u0101t\u0101ju atlases procesu iepirkumu pasaul\u0113.<\/p>\t\t\t\t\t\t<\/div>\n\t\t\t\t<\/div>\n\t\t\t\t<\/div>\n\t\t<div class=\"elementor-element elementor-element-09a3eda e-con-boxed e-flex e-con\" data-id=\"09a3eda\" data-element_type=\"container\" data-settings=\"{&quot;content_width&quot;:&quot;boxed&quot;}\">\n\t\t\t\t\t<div class=\"e-con-inner\">\n\t\t\t\t<div class=\"elementor-element elementor-element-c4a849b elementor-widget elementor-widget-heading\" data-id=\"c4a849b\" data-element_type=\"widget\" data-widget_type=\"heading.default\">\n\t\t\t\t<div class=\"elementor-widget-container\">\n\t\t\t<h3 class=\"elementor-heading-title elementor-size-default\">Risin\u0101jums<\/h3>\t\t<\/div>\n\t\t\t\t<\/div>\n\t\t\t\t<div class=\"elementor-element elementor-element-e202985 elementor-widget elementor-widget-text-editor\" data-id=\"e202985\" data-element_type=\"widget\" data-widget_type=\"text-editor.default\">\n\t\t\t\t<div class=\"elementor-widget-container\">\n\t\t\t\t\t\t\t<p>M\u0113s izstr\u0101d\u0101j\u0101m m\u0101kon\u012b balst\u012btu risin\u0101jumu, kas maksim\u0101li palielina iepirkumu p\u0101rrunu potenci\u0101lu.<\/p>\t\t\t\t\t\t<\/div>\n\t\t\t\t<\/div>\n\t\t\t\t\t<\/div>\n\t\t\t\t<\/div>\n\t\t<div class=\"elementor-element elementor-element-4149ccc e-con-boxed e-flex e-con\" data-id=\"4149ccc\" data-element_type=\"container\" data-settings=\"{&quot;content_width&quot;:&quot;boxed&quot;}\">\n\t\t\t\t\t<div class=\"e-con-inner\">\n\t\t\t\t<div class=\"elementor-element elementor-element-20f8610 elementor-widget elementor-widget-heading\" data-id=\"20f8610\" data-element_type=\"widget\" data-widget_type=\"heading.default\">\n\t\t\t\t<div class=\"elementor-widget-container\">\n\t\t\t<h3 class=\"elementor-heading-title elementor-size-default\">Efektivit\u0101te<\/h3>\t\t<\/div>\n\t\t\t\t<\/div>\n\t\t\t\t<div class=\"elementor-element elementor-element-c0b03d4 elementor-widget elementor-widget-text-editor\" data-id=\"c0b03d4\" data-element_type=\"widget\" data-widget_type=\"text-editor.default\">\n\t\t\t\t<div class=\"elementor-widget-container\">\n\t\t\t\t\t\t\t<p>Sp\u0113\u013cu teorija un M\u0101ksl\u012bg\u0101 intelekta vad\u012bti algoritmi iesaka lab\u0101ko p\u0101rrunu strat\u0113\u0123iju un veic to autom\u0101tiski, kas parasti ietaupa vair\u0101k nek\u0101 11% no eso\u0161ajiem iepirkuma izdevumiem.<\/p>\t\t\t\t\t\t<\/div>\n\t\t\t\t<\/div>\n\t\t\t\t\t<\/div>\n\t\t\t\t<\/div>\n\t\t\t\t<\/div>\n\t\t\t\t\t<\/div>\n\t\t\t\t<\/div>\n\t\t<div class=\"elementor-element elementor-element-5fd911e e-con-full e-flex e-con\" data-id=\"5fd911e\" data-element_type=\"container\" data-settings=\"{&quot;content_width&quot;:&quot;full&quot;}\">\n\t\t\t\t<div class=\"elementor-element elementor-element-1ca986a elementor-widget elementor-widget-template\" data-id=\"1ca986a\" data-element_type=\"widget\" data-widget_type=\"template.default\">\n\t\t\t\t<div class=\"elementor-widget-container\">\n\t\t\t\t\t<div class=\"elementor-template\">\n\t\t\t\t\t<div data-elementor-type=\"container\" data-elementor-id=\"166\" class=\"elementor elementor-166\">\n\t\t\t\t\t\t\t<div class=\"elementor-element elementor-element-658967a e-con-boxed e-flex e-con\" data-id=\"658967a\" data-element_type=\"container\" data-settings=\"{&quot;background_background&quot;:&quot;classic&quot;,&quot;content_width&quot;:&quot;boxed&quot;}\">\n\t\t\t\t\t<div class=\"e-con-inner\">\n\t\t<div class=\"elementor-element elementor-element-f362bb4 e-con-full e-flex e-con\" data-id=\"f362bb4\" data-element_type=\"container\" data-settings=\"{&quot;content_width&quot;:&quot;full&quot;}\">\n\t\t<div class=\"elementor-element elementor-element-e435a9a e-con-full e-flex e-con\" data-id=\"e435a9a\" data-element_type=\"container\" data-settings=\"{&quot;content_width&quot;:&quot;full&quot;}\">\n\t\t\t\t<div class=\"elementor-element elementor-element-c2c5620 elementor-widget__width-auto elementor-widget elementor-widget-image\" data-id=\"c2c5620\" data-element_type=\"widget\" data-widget_type=\"image.default\">\n\t\t\t\t<div class=\"elementor-widget-container\">\n\t\t\t\t\t\t\t\t\t\t\t\t\t\t\t<img loading=\"lazy\" decoding=\"async\" width=\"255\" height=\"226\" src=\"https:\/\/sourcedigitally.com\/wp-content\/uploads\/2023\/05\/source-digitallylogo-2.png\" class=\"attachment-full size-full wp-image-169\" alt=\"source-digitallylogo-2\" srcset=\"https:\/\/sourcedigitally.com\/wp-content\/uploads\/2023\/05\/source-digitallylogo-2.png 255w, https:\/\/sourcedigitally.com\/wp-content\/uploads\/2023\/05\/source-digitallylogo-2-14x12.png 14w\" sizes=\"auto, (max-width: 255px) 100vw, 255px\" \/>\t\t\t\t\t\t\t\t\t\t\t\t\t\t\t<\/div>\n\t\t\t\t<\/div>\n\t\t\t\t<\/div>\n\t\t\t\t<\/div>\n\t\t<div class=\"elementor-element elementor-element-a528952 e-con-full e-flex e-con\" data-id=\"a528952\" data-element_type=\"container\" data-settings=\"{&quot;content_width&quot;:&quot;full&quot;}\">\n\t\t<div class=\"elementor-element elementor-element-19c8747 e-con-full e-flex e-con\" data-id=\"19c8747\" data-element_type=\"container\" data-settings=\"{&quot;content_width&quot;:&quot;full&quot;}\">\n\t\t\t\t<div class=\"elementor-element elementor-element-cc462b8 elementor-widget elementor-widget-heading\" data-id=\"cc462b8\" data-element_type=\"widget\" data-widget_type=\"heading.default\">\n\t\t\t\t<div class=\"elementor-widget-container\">\n\t\t\t<h2 class=\"elementor-heading-title elementor-size-default\">We <div class=\"translation-block\"><div class=\"maca\"><b class=\"abc\"> Discover <\/b><\/div><\/div> and <br> then <b>Deliver<\/b><\/h2>\t\t<\/div>\n\t\t\t\t<\/div>\n\t\t\t\t<div class=\"elementor-element elementor-element-16aa496 elementor-align-justify elementor-widget__width-initial elementor-widget-mobile__width-inherit elementor-widget elementor-widget-button\" data-id=\"16aa496\" data-element_type=\"widget\" data-widget_type=\"button.default\">\n\t\t\t\t<div class=\"elementor-widget-container\">\n\t\t\t\t\t<div class=\"elementor-button-wrapper\">\n\t\t\t<a href=\"https:\/\/sourcedigitally.com\/lv\/kontakti\/\" class=\"elementor-button-link elementor-button elementor-size-sm\" role=\"button\">\n\t\t\t\t\t\t<span class=\"elementor-button-content-wrapper\">\n\t\t\t\t\t\t<span class=\"elementor-button-text\">Sazin\u0101ties ar mums<\/span>\n\t\t<\/span>\n\t\t\t\t\t<\/a>\n\t\t<\/div>\n\t\t\t\t<\/div>\n\t\t\t\t<\/div>\n\t\t\t\t<\/div>\n\t\t\t\t<\/div>\n\t\t\t\t\t<\/div>\n\t\t\t\t<\/div>\n\t\t\t\t\t\t\t<\/div>\n\t\t\t\t<\/div>\n\t\t\t\t<\/div>\n\t\t\t\t<\/div>\n\t\t\t\t<\/div>\n\t\t\t\t\t\t\t<\/div>","protected":false},"excerpt":{"rendered":"<p>The unique Matchory database offers you the world&#8217;s largest public Supplier Discovery solution with over 14 million supplier profiles. Search &#038; Discover Find all relevant suppliers in one single solution using the latest technology and intelligent search. Analyze &#038; Compare In-depth market information and transparent supply chains help you make the right decisions. Collaborate &#038; [&hellip;]<\/p>","protected":false},"author":2,"featured_media":0,"parent":0,"menu_order":0,"comment_status":"closed","ping_status":"closed","template":"","meta":{"footnotes":""},"class_list":["post-19","page","type-page","status-publish","hentry"],"_links":{"self":[{"href":"https:\/\/sourcedigitally.com\/lv\/wp-json\/wp\/v2\/pages\/19","targetHints":{"allow":["GET"]}}],"collection":[{"href":"https:\/\/sourcedigitally.com\/lv\/wp-json\/wp\/v2\/pages"}],"about":[{"href":"https:\/\/sourcedigitally.com\/lv\/wp-json\/wp\/v2\/types\/page"}],"author":[{"embeddable":true,"href":"https:\/\/sourcedigitally.com\/lv\/wp-json\/wp\/v2\/users\/2"}],"replies":[{"embeddable":true,"href":"https:\/\/sourcedigitally.com\/lv\/wp-json\/wp\/v2\/comments?post=19"}],"version-history":[{"count":78,"href":"https:\/\/sourcedigitally.com\/lv\/wp-json\/wp\/v2\/pages\/19\/revisions"}],"predecessor-version":[{"id":1909,"href":"https:\/\/sourcedigitally.com\/lv\/wp-json\/wp\/v2\/pages\/19\/revisions\/1909"}],"wp:attachment":[{"href":"https:\/\/sourcedigitally.com\/lv\/wp-json\/wp\/v2\/media?parent=19"}],"curies":[{"name":"wp","href":"https:\/\/api.w.org\/{rel}","templated":true}]}}